

{"id":148758,"date":"2024-12-19T12:19:06","date_gmt":"2024-12-19T11:19:06","guid":{"rendered":"https:\/\/www.codal-madagascar.com\/organic-honey\/creamy-spreads\/"},"modified":"2024-12-19T12:20:51","modified_gmt":"2024-12-19T11:20:51","slug":"creamy-spreads","status":"publish","type":"page","link":"https:\/\/www.codal-madagascar.com\/en\/organic-honey\/creamy-spreads\/","title":{"rendered":"Creamy Spreads"},"content":{"rendered":"[et_pb_section fb_built=&#8221;1&#8243; _builder_version=&#8221;4.27.2&#8243; _module_preset=&#8221;default&#8221; global_colors_info=&#8221;{}&#8221;][et_pb_row _builder_version=&#8221;4.27.2&#8243; _module_preset=&#8221;default&#8221; global_colors_info=&#8221;{}&#8221;][et_pb_column type=&#8221;4_4&#8243; _builder_version=&#8221;4.27.2&#8243; _module_preset=&#8221;default&#8221; global_colors_info=&#8221;{}&#8221;][et_pb_heading title=&#8221;Creamy Spreads&#8221; _builder_version=&#8221;4.27.2&#8243; _module_preset=&#8221;default&#8221; hover_enabled=&#8221;0&#8243; global_colors_info=&#8221;{}&#8221; sticky_enabled=&#8221;0&#8243;][\/et_pb_heading][et_pb_text _builder_version=&#8221;4.27.2&#8243; _module_preset=&#8221;default&#8221; hover_enabled=&#8221;0&#8243; sticky_enabled=&#8221;0&#8243;]\n<p>Discover the range of Vita Malagasy creamy spreads, authentically made in Madagascar! Savor our delicious recipes made from cashews, sweet potatoes, and Bambara groundnuts. Perfect on toast or enjoyed by the spoonful, these treats combine quality and exotic flavors for a unique experience. Transform your snack breaks into a culinary journey!<\/p>\n[\/et_pb_text][\/et_pb_column][\/et_pb_row][et_pb_row column_structure=&#8221;1_3,1_3,1_3&#8243; _builder_version=&#8221;4.27.2&#8243; _module_preset=&#8221;default&#8221; global_colors_info=&#8221;{}&#8221;][et_pb_column type=&#8221;1_3&#8243; _builder_version=&#8221;4.27.2&#8243; _module_preset=&#8221;default&#8221; global_colors_info=&#8221;{}&#8221;][et_pb_text admin_label=&#8221;Cr\u00e8me de Cajou au miel 200g&#8221; _builder_version=&#8221;4.27.2&#8243; _module_preset=&#8221;default&#8221; global_colors_info=&#8221;{}&#8221;]\n<p>Cashew Cream with Honey<\/p>\n[\/et_pb_text][et_pb_image src=&#8221;https:\/\/www.codal-madagascar.com\/wp-content\/uploads\/2024\/10\/c.CAJOU_.png&#8221; title_text=&#8221;c.CASHEW&#8221; _builder_version=&#8221;4.27.2&#8243; _module_preset=&#8221;default&#8221; global_colors_info=&#8221;{}&#8221;][\/et_pb_image][\/et_pb_column][et_pb_column type=&#8221;1_3&#8243; _builder_version=&#8221;4.27.2&#8243; _module_preset=&#8221;default&#8221; global_colors_info=&#8221;{}&#8221;][et_pb_text admin_label=&#8221;Cr\u00e8me go\u00fbt marron \u00e0 la vanille 200g&#8221; _builder_version=&#8221;4.27.2&#8243; _module_preset=&#8221;default&#8221; global_colors_info=&#8221;{}&#8221;]\n<p>Vanilla-flavored Chestnut Cream<\/p>\n[\/et_pb_text][et_pb_image src=&#8221;https:\/\/www.codal-madagascar.com\/wp-content\/uploads\/2024\/10\/c.GOUT-MARRON-min-min.png&#8221; alt=&#8221;Vanilla-flavored Chestnut Cream&#8221; title_text=&#8221;Vanilla-flavored Chestnut Cream&#8221; _builder_version=&#8221;4.27.2&#8243; _module_preset=&#8221;default&#8221; global_colors_info=&#8221;{}&#8221;][\/et_pb_image][\/et_pb_column][et_pb_column type=&#8221;1_3&#8243; _builder_version=&#8221;4.27.2&#8243; _module_preset=&#8221;default&#8221; global_colors_info=&#8221;{}&#8221;][et_pb_text admin_label=&#8221;Pois de Bambara au cacao 200g&#8221; _builder_version=&#8221;4.27.2&#8243; _module_preset=&#8221;default&#8221; global_colors_info=&#8221;{}&#8221;]\n<p>Bambara Groundnuts with Cocoa<\/p>\n[\/et_pb_text][et_pb_image src=&#8221;https:\/\/www.codal-madagascar.com\/wp-content\/uploads\/2024\/10\/c.BAMBARA-min-min.png&#8221; alt=&#8221;Bambara Groundnuts with Cocoa&#8221; title_text=&#8221;Bambara Groundnuts with Cocoa&#8221; _builder_version=&#8221;4.27.2&#8243; _module_preset=&#8221;default&#8221; global_colors_info=&#8221;{}&#8221;][\/et_pb_image][\/et_pb_column][\/et_pb_row][et_pb_row column_structure=&#8221;1_2,1_2&#8243; _builder_version=&#8221;4.27.2&#8243; _module_preset=&#8221;default&#8221; global_colors_info=&#8221;{}&#8221;][et_pb_column type=&#8221;1_2&#8243; _builder_version=&#8221;4.27.2&#8243; _module_preset=&#8221;default&#8221; global_colors_info=&#8221;{}&#8221;][et_pb_image src=&#8221;https:\/\/www.codal-madagascar.com\/wp-content\/uploads\/2020\/07\/raisin.jpg&#8221; alt=&#8221;Grape&#8221; title_text=&#8221;Grape&#8221; _builder_version=&#8221;4.27.2&#8243; _module_preset=&#8221;default&#8221; global_colors_info=&#8221;{}&#8221;][\/et_pb_image][\/et_pb_column][et_pb_column type=&#8221;1_2&#8243; _builder_version=&#8221;4.27.2&#8243; _module_preset=&#8221;default&#8221; global_colors_info=&#8221;{}&#8221;][et_pb_image src=&#8221;https:\/\/www.codal-madagascar.com\/wp-content\/uploads\/2020\/07\/orange.jpg&#8221; alt=&#8221;Orange&#8221; title_text=&#8221;Orange&#8221; _builder_version=&#8221;4.27.2&#8243; _module_preset=&#8221;default&#8221; global_colors_info=&#8221;{}&#8221;][\/et_pb_image][\/et_pb_column][\/et_pb_row][\/et_pb_section]\n","protected":false},"excerpt":{"rendered":"<p>Discover the range of Vita Malagasy creamy spreads, authentically made in Madagascar! Savor our delicious recipes made from cashews, sweet potatoes, and Bambara groundnuts. Perfect on toast or enjoyed by the spoonful, these treats combine quality and exotic flavors for a unique experience. Transform your snack breaks into a culinary journey!Cashew Cream with HoneyVanilla-flavored Chestnut [&hellip;]<\/p>\n","protected":false},"author":6,"featured_media":0,"parent":144423,"menu_order":0,"comment_status":"closed","ping_status":"closed","template":"","meta":{"_et_pb_use_builder":"on","_et_pb_old_content":"","_et_gb_content_width":"","footnotes":""},"class_list":["post-148758","page","type-page","status-publish","hentry"],"_links":{"self":[{"href":"https:\/\/www.codal-madagascar.com\/en\/wp-json\/wp\/v2\/pages\/148758","targetHints":{"allow":["GET"]}}],"collection":[{"href":"https:\/\/www.codal-madagascar.com\/en\/wp-json\/wp\/v2\/pages"}],"about":[{"href":"https:\/\/www.codal-madagascar.com\/en\/wp-json\/wp\/v2\/types\/page"}],"author":[{"embeddable":true,"href":"https:\/\/www.codal-madagascar.com\/en\/wp-json\/wp\/v2\/users\/6"}],"replies":[{"embeddable":true,"href":"https:\/\/www.codal-madagascar.com\/en\/wp-json\/wp\/v2\/comments?post=148758"}],"version-history":[{"count":0,"href":"https:\/\/www.codal-madagascar.com\/en\/wp-json\/wp\/v2\/pages\/148758\/revisions"}],"up":[{"embeddable":true,"href":"https:\/\/www.codal-madagascar.com\/en\/wp-json\/wp\/v2\/pages\/144423"}],"wp:attachment":[{"href":"https:\/\/www.codal-madagascar.com\/en\/wp-json\/wp\/v2\/media?parent=148758"}],"curies":[{"name":"wp","href":"https:\/\/api.w.org\/{rel}","templated":true}]}}