

{"id":143398,"date":"2020-07-24T14:32:02","date_gmt":"2020-07-24T12:32:02","guid":{"rendered":"https:\/\/www.codal-madagascar.com\/contact"},"modified":"2024-11-14T09:08:25","modified_gmt":"2024-11-14T08:08:25","slug":"contact","status":"publish","type":"page","link":"https:\/\/www.codal-madagascar.com\/en\/contact\/","title":{"rendered":"Contact"},"content":{"rendered":"[et_pb_section fb_built=&#8221;1&#8243; fullwidth=&#8221;on&#8221; _builder_version=&#8221;4.16&#8243; background_image=&#8221;https:\/\/www.codal-madagascar.com\/wp-content\/uploads\/2016\/05\/codal-madagascar-2.jpg&#8221; global_colors_info=&#8221;{}&#8221;][et_pb_fullwidth_header title=&#8221;Contact&#8221; subhead=&#8221;Codal Madagascar&#8221; _builder_version=&#8221;4.16&#8243; title_text_align=&#8221;center&#8221; title_text_color=&#8221;#f5ce47&#8243; title_font_size=&#8221;85px&#8221; subhead_font=&#8221;adleryPro||||||||&#8221; subhead_text_align=&#8221;center&#8221; subhead_text_color=&#8221;#ffffff&#8221; subhead_font_size=&#8221;30px&#8221; background_enable_color=&#8221;off&#8221; use_background_color_gradient=&#8221;on&#8221; background_color_gradient_stops=&#8221;rgba(0,0,0,0.15) 0%|rgba(0,0,0,0.5) 100%&#8221; background_color_gradient_start=&#8221;rgba(0,0,0,0.15)&#8221; background_color_gradient_end=&#8221;rgba(0,0,0,0.5)&#8221; title_font_size_tablet=&#8221;65px&#8221; title_font_size_phone=&#8221;35px&#8221; title_font_size_last_edited=&#8221;on|phone&#8221; subhead_font_size_tablet=&#8221;28px&#8221; subhead_font_size_phone=&#8221;25px&#8221; subhead_font_size_last_edited=&#8221;on|phone&#8221; title_text_shadow_style=&#8221;preset1&#8243; title_text_shadow_horizontal_length=&#8221;-4px&#8221; title_text_shadow_vertical_length=&#8221;4px&#8221; title_text_shadow_blur_strength=&#8221;5px&#8221; title_text_shadow_color=&#8221;rgba(0,0,0,0.6)&#8221; global_colors_info=&#8221;{}&#8221;][\/et_pb_fullwidth_header][\/et_pb_section][et_pb_section fb_built=&#8221;1&#8243; custom_padding_last_edited=&#8221;off|desktop&#8221; _builder_version=&#8221;4.16&#8243; background_image=&#8221;https:\/\/www.codal-madagascar.com\/wp-content\/uploads\/2020\/07\/fond-soci\u00e9t\u00e9.jpg&#8221; background_position=&#8221;bottom_left&#8221; custom_padding=&#8221;||7%||false|false&#8221; custom_padding_phone=&#8221;0px||||false|false&#8221; bottom_divider_style=&#8221;wave2&#8243; bottom_divider_color=&#8221;#ffffff&#8221; bottom_divider_height=&#8221;70px&#8221; custom_css_main_element=&#8221;background-size: 60%;&#8221; global_colors_info=&#8221;{}&#8221;][et_pb_row column_structure=&#8221;1_2,1_2&#8243; use_custom_gutter=&#8221;on&#8221; gutter_width=&#8221;2&#8243; make_equal=&#8221;on&#8221; _builder_version=&#8221;4.16&#8243; width_last_edited=&#8221;off|desktop&#8221; max_width_last_edited=&#8221;off|desktop&#8221; custom_padding=&#8221;0px||||false|false&#8221; global_colors_info=&#8221;{}&#8221;][et_pb_column type=&#8221;1_2&#8243; _builder_version=&#8221;4.16&#8243; custom_padding=&#8221;|||5%|false|false&#8221; custom_padding_tablet=&#8221;|||0%|false|false&#8221; custom_padding_phone=&#8221;&#8221; custom_padding_last_edited=&#8221;on|desktop&#8221; custom_css_main_element=&#8221;display: -webkit-box;||        display: -ms-flexbox;||        display: flex;||    -webkit-box-orient: vertical;||    -webkit-box-direction: normal;||        -ms-flex-direction: column;||            flex-direction: column;||    -webkit-box-align: center;||        -ms-flex-align: center;||            align-items: center;||    -webkit-box-pack: center!important;||        -ms-flex-pack: center!important;||            justify-content: center!important;&#8221; global_colors_info=&#8221;{}&#8221; custom_css_main_element_last_edited=&#8221;on|tablet&#8221; custom_css_main_element_tablet=&#8221;display: block;&#8221; custom_css_main_element_phone=&#8221;margin-bottom: 0!important;&#8221;][et_pb_text admin_label=&#8221;Vous d\u00e9sirez nous faire &#8221; _builder_version=&#8221;4.16&#8243; text_orientation=&#8221;center&#8221; custom_margin=&#8221;0px||||false|false&#8221; global_colors_info=&#8221;{}&#8221;]Would you like to bring any comment or appraisal about our web site ?<br \/>\nWould you like to get more informations about our products ?<br \/>\nWe shall reply you as soon as possible.[\/et_pb_text][\/et_pb_column][et_pb_column type=&#8221;1_2&#8243; _builder_version=&#8221;4.16&#8243; global_colors_info=&#8221;{}&#8221;][et_pb_image src=&#8221;https:\/\/www.codal-madagascar.com\/wp-content\/uploads\/2020\/07\/l\u00e9gumes-et-fruits.png&#8221; alt=&#8221;Vegetables and fruits &#8211; Codal Madagascar&#8221; title_text=&#8221;Vegetables and fruits &#8211; Codal Madagascar&#8221; _builder_version=&#8221;4.16&#8243; global_colors_info=&#8221;{}&#8221;][\/et_pb_image][\/et_pb_column][\/et_pb_row][\/et_pb_section][et_pb_section fb_built=&#8221;1&#8243; _builder_version=&#8221;4.16&#8243; background_enable_color=&#8221;off&#8221; background_image=&#8221;https:\/\/www.codal-madagascar.com\/wp-content\/uploads\/2020\/07\/fond-soci\u00e9t\u00e9.jpg&#8221; custom_padding=&#8221;0px||5%||false|false&#8221; bottom_divider_color=&#8221;#ffffff&#8221; bottom_divider_height=&#8221;70px&#8221; bottom_divider_arrangement=&#8221;above_content&#8221; global_colors_info=&#8221;{}&#8221;][et_pb_row column_structure=&#8221;1_4,1_4,1_4,1_4&#8243; _builder_version=&#8221;4.27.3&#8243; hover_enabled=&#8221;0&#8243; global_colors_info=&#8221;{}&#8221; sticky_enabled=&#8221;0&#8243; custom_padding=&#8221;||||false|false&#8221; width=&#8221;100%&#8221; max_width=&#8221;1114px&#8221;][et_pb_column type=&#8221;1_4&#8243; _builder_version=&#8221;4.16&#8243; global_colors_info=&#8221;{}&#8221;][et_pb_blurb use_icon=&#8221;on&#8221; font_icon=&#8221;&#xe081;||divi||400&#8243; icon_color=&#8221;#06B750&#8243; image_icon_width=&#8221;30px&#8221; module_id=&#8221;coord-contact&#8221; _builder_version=&#8221;4.25.1&#8243; body_text_align=&#8221;center&#8221; icon_font_size=&#8221;30px&#8221; global_colors_info=&#8221;{}&#8221;]\n<p>Rue Ravoninahitriniarivo Ankorondrano<\/p>\n[\/et_pb_blurb][\/et_pb_column][et_pb_column type=&#8221;1_4&#8243; _builder_version=&#8221;4.16&#8243; global_colors_info=&#8221;{}&#8221;][et_pb_blurb use_icon=&#8221;on&#8221; font_icon=&#8221;&#xe076;||divi||400&#8243; icon_color=&#8221;#06B750&#8243; image_icon_width=&#8221;30px&#8221; module_id=&#8221;coord-contact&#8221; _builder_version=&#8221;4.25.1&#8243; body_text_align=&#8221;center&#8221; icon_font_size=&#8221;30px&#8221; global_colors_info=&#8221;{}&#8221;]\n<p>1426 &#8211; 101 \u2013 Tananarive MADAGASCAR<\/p>\n[\/et_pb_blurb][\/et_pb_column][et_pb_column type=&#8221;1_4&#8243; _builder_version=&#8221;4.16&#8243; global_colors_info=&#8221;{}&#8221;][et_pb_blurb use_icon=&#8221;on&#8221; font_icon=&#8221;&#xe090;||divi||400&#8243; icon_color=&#8221;#06B750&#8243; image_icon_width=&#8221;30px&#8221; module_id=&#8221;coord-contact&#8221; _builder_version=&#8221;4.27.3&#8243; body_text_align=&#8221;center&#8221; hover_enabled=&#8221;0&#8243; icon_font_size=&#8221;30px&#8221; global_colors_info=&#8221;{}&#8221; sticky_enabled=&#8221;0&#8243;](261).20.22.234.24<br \/>\n(261).032.07.165.43<br \/>\n(261).034.29.020.52 [\/et_pb_blurb][\/et_pb_column][et_pb_column type=&#8221;1_4&#8243; _builder_version=&#8221;4.16&#8243; global_colors_info=&#8221;{}&#8221;][et_pb_blurb use_icon=&#8221;on&#8221; font_icon=&#8221;&#xe010;||divi||400&#8243; icon_color=&#8221;#06B750&#8243; image_icon_width=&#8221;30px&#8221; module_id=&#8221;coord-contact&#8221; _builder_version=&#8221;4.27.3&#8243; body_text_align=&#8221;center&#8221; hover_enabled=&#8221;0&#8243; icon_font_size=&#8221;30px&#8221; global_colors_info=&#8221;{}&#8221; sticky_enabled=&#8221;0&#8243;]codal.madagascar@gmail.com  [\/et_pb_blurb][\/et_pb_column][\/et_pb_row][et_pb_row column_structure=&#8221;1_5,3_5,1_5&#8243; _builder_version=&#8221;4.16&#8243; global_colors_info=&#8221;{}&#8221;][et_pb_column type=&#8221;1_5&#8243; _builder_version=&#8221;4.16&#8243; global_colors_info=&#8221;{}&#8221;][\/et_pb_column][et_pb_column type=&#8221;3_5&#8243; _builder_version=&#8221;4.16&#8243; global_colors_info=&#8221;{}&#8221;][et_pb_code _builder_version=&#8221;4.16&#8243; background_color=&#8221;rgba(255,255,255,0.8)&#8221; custom_padding=&#8221;20px|20px|20px|20px|false|false&#8221; global_colors_info=&#8221;{}&#8221;]<div class=\"forminator-ui forminator-custom-form forminator-custom-form-141850 forminator-design--material  forminator_ajax\" data-forminator-render=\"0\" data-form=\"forminator-module-141850\" data-uid=\"6a0338b884663\"><br\/><\/div><form\r\n\t\t\t\tid=\"forminator-module-141850\"\r\n\t\t\t\tclass=\"forminator-ui forminator-custom-form forminator-custom-form-141850 forminator-design--material  forminator_ajax\"\r\n\t\t\t\tmethod=\"post\"\r\n\t\t\t\tdata-forminator-render=\"0\"\r\n\t\t\t\tdata-form-id=\"141850\"\r\n\t\t\t\t data-color-option=\"default\" data-design=\"material\" data-grid=\"open\" style=\"display: none;\"\r\n\t\t\t\tdata-uid=\"6a0338b884663\"\r\n\t\t\t><div role=\"alert\" aria-live=\"polite\" class=\"forminator-response-message forminator-error\" aria-hidden=\"true\"><\/div><div class=\"forminator-row\"><div id=\"name-1\" class=\"forminator-field-name forminator-col forminator-col-4 \"><div class=\"forminator-field\"><label for=\"forminator-field-name-1_6a0338b884663\" id=\"forminator-field-name-1_6a0338b884663-label\" class=\"forminator-label\">Nom <span class=\"forminator-required\">*<\/span><\/label><input type=\"text\" name=\"name-1\" value=\"\" placeholder=\"\" id=\"forminator-field-name-1_6a0338b884663\" class=\"forminator-input forminator-name--field\" aria-required=\"true\" autocomplete=\"name\" \/><\/div><\/div><div id=\"text-1\" class=\"forminator-field-text forminator-col forminator-col-4 \"><div class=\"forminator-field\"><label for=\"forminator-field-text-1_6a0338b884663\" id=\"forminator-field-text-1_6a0338b884663-label\" class=\"forminator-label\">Soci\u00e9t\u00e9 <span class=\"forminator-required\">*<\/span><\/label><input type=\"text\" name=\"text-1\" value=\"\" placeholder=\"\" id=\"forminator-field-text-1_6a0338b884663\" class=\"forminator-input forminator-name--field\" data-required=\"1\" \/><\/div><\/div><div id=\"email-1\" class=\"forminator-field-email forminator-col forminator-col-4 \"><div class=\"forminator-field\"><label for=\"forminator-field-email-1_6a0338b884663\" id=\"forminator-field-email-1_6a0338b884663-label\" class=\"forminator-label\">E-mail <span class=\"forminator-required\">*<\/span><\/label><input type=\"email\" name=\"email-1\" value=\"\" placeholder=\"\" id=\"forminator-field-email-1_6a0338b884663\" class=\"forminator-input forminator-email--field\" data-required=\"true\" aria-required=\"true\" autocomplete=\"email\" \/><\/div><\/div><\/div><div class=\"forminator-row\"><div id=\"phone-1\" class=\"forminator-field-phone forminator-col forminator-col-4 \"><div class=\"forminator-field\"><label for=\"forminator-field-phone-1_6a0338b884663\" id=\"forminator-field-phone-1_6a0338b884663-label\" class=\"forminator-label\">T\u00e9l\u00e9phone<\/label><input type=\"text\" name=\"phone-1\" value=\"\" placeholder=\"\" id=\"forminator-field-phone-1_6a0338b884663\" class=\"forminator-input forminator-field--phone\" data-required=\"\" aria-required=\"false\" autocomplete=\"off\" \/><\/div><\/div><div id=\"text-3\" class=\"forminator-field-text forminator-col forminator-col-4 \"><div class=\"forminator-field\"><label for=\"forminator-field-text-3_6a0338b884663\" id=\"forminator-field-text-3_6a0338b884663-label\" class=\"forminator-label\">Adresse<\/label><input type=\"text\" name=\"text-3\" value=\"\" placeholder=\"\" id=\"forminator-field-text-3_6a0338b884663\" class=\"forminator-input forminator-name--field\" data-required=\"\" \/><\/div><\/div><div id=\"text-2\" class=\"forminator-field-text forminator-col forminator-col-4 \"><div class=\"forminator-field\"><label for=\"forminator-field-text-2_6a0338b884663\" id=\"forminator-field-text-2_6a0338b884663-label\" class=\"forminator-label\">Ville et Code Postal<\/label><input type=\"text\" name=\"text-2\" value=\"\" placeholder=\"\" id=\"forminator-field-text-2_6a0338b884663\" class=\"forminator-input forminator-name--field\" data-required=\"\" \/><\/div><\/div><\/div><div class=\"forminator-row\"><div id=\"text-4\" class=\"forminator-field-text forminator-col forminator-col-6 \"><div class=\"forminator-field\"><label for=\"forminator-field-text-4_6a0338b884663\" id=\"forminator-field-text-4_6a0338b884663-label\" class=\"forminator-label\">Pays<\/label><input type=\"text\" name=\"text-4\" value=\"\" placeholder=\"\" id=\"forminator-field-text-4_6a0338b884663\" class=\"forminator-input forminator-name--field\" data-required=\"\" \/><\/div><\/div><div id=\"select-1\" class=\"forminator-field-select forminator-col forminator-col-6 \"><div class=\"forminator-field\"><label for=\"forminator-form-141850__field--select-1_6a0338b884663\" id=\"forminator-form-141850__field--select-1_6a0338b884663-label\" class=\"forminator-label\">Je suis int\u00e9ress\u00e9 par<\/label><select  id=\"forminator-form-141850__field--select-1_6a0338b884663\" class=\"forminator-select--field forminator-select2 forminator-select2-multiple\" data-required=\"\" name=\"select-1\" data-default-value=\"\" data-placeholder=\"\" data-search=\"false\" data-search-placeholder=\"\" data-checkbox=\"false\" data-allow-clear=\"false\" aria-labelledby=\"forminator-form-141850__field--select-1_6a0338b884663-label\"><option value=\"-\"  data-calculation=\"0\">-<\/option><option value=\"Conserves de fruits\"  data-calculation=\"0\">Conserves de fruits<\/option><option value=\"Codal tropical\"  data-calculation=\"0\">Codal tropical<\/option><option value=\"Poivre vert\"  data-calculation=\"0\">Poivre vert<\/option><option value=\"Le comptoir\"  data-calculation=\"0\">Le comptoir<\/option><option value=\"Originalit\u00e9\"  data-calculation=\"0\">Originalit\u00e9<\/option><option value=\"Autres\"  data-calculation=\"0\">Autres<\/option><\/select><\/div><\/div><\/div><div class=\"forminator-row\"><div id=\"textarea-1\" class=\"forminator-field-textarea forminator-col forminator-col-12 \"><div class=\"forminator-field\"><label for=\"forminator-field-textarea-1_6a0338b884663\" id=\"forminator-field-textarea-1_6a0338b884663-label\" class=\"forminator-label\">Messages<\/label><textarea name=\"textarea-1\" placeholder=\"\" id=\"forminator-field-textarea-1_6a0338b884663\" class=\"forminator-textarea\" rows=\"6\" style=\"--forminator-textarea-min-height:100px;\" ><\/textarea><\/div><\/div><\/div><div class=\"forminator-row\"><div id=\"gdprcheckbox-1\" class=\"forminator-field-gdprcheckbox forminator-col forminator-col-12 \"><div class=\"forminator-field\"><label for=\"forminator-field-gdprcheckbox-1_6a0338b884663\" class=\"forminator-checkbox\"><input type=\"checkbox\" name=\"gdprcheckbox-1\" value=\"true\" id=\"forminator-field-gdprcheckbox-1_6a0338b884663\" data-required=\"true\" aria-required=\"true\" \/><span class=\"forminator-checkbox-box\" aria-hidden=\"true\"><\/span><span class=\"forminator-checkbox-label\">Oui, j'accepte la politique de confidentialit\u00e9 et les conditions g\u00e9n\u00e9rales.<\/span><\/label><\/div><\/div><\/div><div class=\"forminator-row\"><div id=\"captcha-1\" class=\"forminator-field-captcha forminator-col forminator-col-12 \"><div class=\"forminator-captcha-left forminator-g-recaptcha\" data-theme=\"light\"  data-sitekey=\"6LdZrAcrAAAAAFhzofIayD91kp5xmLOcY8557BmL\" data-size=\"normal\"><\/div> <\/div><\/div><input type=\"hidden\" name=\"referer_url\" value=\"\" \/><div class=\"forminator-row forminator-row-last\"><div class=\"forminator-col\"><div class=\"forminator-field\"><button class=\"forminator-button forminator-button-submit\"><span>ENVOYER<\/span><span aria-hidden=\"true\"><\/span><\/button><\/div><\/div><\/div><input type=\"hidden\" id=\"forminator_nonce\" name=\"forminator_nonce\" value=\"b371733cb0\" \/><input type=\"hidden\" name=\"_wp_http_referer\" value=\"\/en\/wp-json\/wp\/v2\/pages\/143398\" \/><input type=\"hidden\" name=\"form_id\" value=\"141850\"><input type=\"hidden\" name=\"page_id\" value=\"143398\"><input type=\"hidden\" name=\"form_type\" value=\"default\"><input type=\"hidden\" name=\"current_url\" value=\"https:\/\/www.codal-madagascar.com\/en\/contact\/\"><input type=\"hidden\" name=\"render_id\" value=\"0\"><input type=\"hidden\" name=\"action\" value=\"forminator_submit_form_custom-forms\"><\/form>[\/et_pb_code][\/et_pb_column][et_pb_column type=&#8221;1_5&#8243; _builder_version=&#8221;4.16&#8243; global_colors_info=&#8221;{}&#8221;][\/et_pb_column][\/et_pb_row][\/et_pb_section]\n","protected":false},"excerpt":{"rendered":"<p>Would you like to bring any comment or appraisal about our web site ? Would you like to get more informations about our products ? We shall reply you as soon as possible.Rue Ravoninahitriniarivo Ankorondrano1426 &#8211; 101 \u2013 Tananarive MADAGASCAR(261).20.22.234.24 (261).032.07.165.43 (261).034.29.020.52 codal.madagascar@gmail.com <div class=\"forminator-ui forminator-custom-form forminator-custom-form-141850 forminator-design--material  forminator_ajax\" data-forminator-render=\"1\" data-form=\"forminator-module-141850\" data-uid=\"6a0338b920389\"><br\/><\/div><form\r\n\t\t\t\tid=\"forminator-module-141850\"\r\n\t\t\t\tclass=\"forminator-ui forminator-custom-form forminator-custom-form-141850 forminator-design--material  forminator_ajax\"\r\n\t\t\t\tmethod=\"post\"\r\n\t\t\t\tdata-forminator-render=\"1\"\r\n\t\t\t\tdata-form-id=\"141850\"\r\n\t\t\t\t data-color-option=\"default\" data-design=\"material\" data-grid=\"open\" style=\"display: none;\"\r\n\t\t\t\tdata-uid=\"6a0338b920389\"\r\n\t\t\t><div role=\"alert\" aria-live=\"polite\" class=\"forminator-response-message forminator-error\" aria-hidden=\"true\"><\/div><div class=\"forminator-row\"><div id=\"name-1\" class=\"forminator-field-name forminator-col forminator-col-4 \"><div class=\"forminator-field\"><label for=\"forminator-field-name-1_6a0338b920389\" id=\"forminator-field-name-1_6a0338b920389-label\" class=\"forminator-label\">Nom <span class=\"forminator-required\">*<\/span><\/label><input type=\"text\" name=\"name-1\" value=\"\" placeholder=\"\" id=\"forminator-field-name-1_6a0338b920389\" class=\"forminator-input forminator-name--field\" aria-required=\"true\" autocomplete=\"name\" \/><\/div><\/div><div id=\"text-1\" class=\"forminator-field-text forminator-col forminator-col-4 \"><div class=\"forminator-field\"><label for=\"forminator-field-text-1_6a0338b920389\" id=\"forminator-field-text-1_6a0338b920389-label\" class=\"forminator-label\">Soci\u00e9t\u00e9 <span class=\"forminator-required\">*<\/span><\/label><input type=\"text\" name=\"text-1\" value=\"\" placeholder=\"\" id=\"forminator-field-text-1_6a0338b920389\" class=\"forminator-input forminator-name--field\" data-required=\"1\" \/><\/div><\/div><div id=\"email-1\" class=\"forminator-field-email forminator-col forminator-col-4 \"><div class=\"forminator-field\"><label for=\"forminator-field-email-1_6a0338b920389\" id=\"forminator-field-email-1_6a0338b920389-label\" class=\"forminator-label\">E-mail <span class=\"forminator-required\">*<\/span><\/label><input type=\"email\" name=\"email-1\" value=\"\" placeholder=\"\" id=\"forminator-field-email-1_6a0338b920389\" class=\"forminator-input forminator-email--field\" data-required=\"true\" aria-required=\"true\" autocomplete=\"email\" \/><\/div><\/div><\/div><div class=\"forminator-row\"><div id=\"phone-1\" class=\"forminator-field-phone forminator-col forminator-col-4 \"><div class=\"forminator-field\"><label for=\"forminator-field-phone-1_6a0338b920389\" id=\"forminator-field-phone-1_6a0338b920389-label\" class=\"forminator-label\">T\u00e9l\u00e9phone<\/label><input type=\"text\" name=\"phone-1\" value=\"\" placeholder=\"\" id=\"forminator-field-phone-1_6a0338b920389\" class=\"forminator-input forminator-field--phone\" data-required=\"\" aria-required=\"false\" autocomplete=\"off\" \/><\/div><\/div><div id=\"text-3\" class=\"forminator-field-text forminator-col forminator-col-4 \"><div class=\"forminator-field\"><label for=\"forminator-field-text-3_6a0338b920389\" id=\"forminator-field-text-3_6a0338b920389-label\" class=\"forminator-label\">Adresse<\/label><input type=\"text\" name=\"text-3\" value=\"\" placeholder=\"\" id=\"forminator-field-text-3_6a0338b920389\" class=\"forminator-input forminator-name--field\" data-required=\"\" \/><\/div><\/div><div id=\"text-2\" class=\"forminator-field-text forminator-col forminator-col-4 \"><div class=\"forminator-field\"><label for=\"forminator-field-text-2_6a0338b920389\" id=\"forminator-field-text-2_6a0338b920389-label\" class=\"forminator-label\">Ville et Code Postal<\/label><input type=\"text\" name=\"text-2\" value=\"\" placeholder=\"\" id=\"forminator-field-text-2_6a0338b920389\" class=\"forminator-input forminator-name--field\" data-required=\"\" \/><\/div><\/div><\/div><div class=\"forminator-row\"><div id=\"text-4\" class=\"forminator-field-text forminator-col forminator-col-6 \"><div class=\"forminator-field\"><label for=\"forminator-field-text-4_6a0338b920389\" id=\"forminator-field-text-4_6a0338b920389-label\" class=\"forminator-label\">Pays<\/label><input type=\"text\" name=\"text-4\" value=\"\" placeholder=\"\" id=\"forminator-field-text-4_6a0338b920389\" class=\"forminator-input forminator-name--field\" data-required=\"\" \/><\/div><\/div><div id=\"select-1\" class=\"forminator-field-select forminator-col forminator-col-6 \"><div class=\"forminator-field\"><label for=\"forminator-form-141850__field--select-1_6a0338b920389\" id=\"forminator-form-141850__field--select-1_6a0338b920389-label\" class=\"forminator-label\">Je suis int\u00e9ress\u00e9 par<\/label><select  id=\"forminator-form-141850__field--select-1_6a0338b920389\" class=\"forminator-select--field forminator-select2 forminator-select2-multiple\" data-required=\"\" name=\"select-1\" data-default-value=\"\" data-placeholder=\"\" data-search=\"false\" data-search-placeholder=\"\" data-checkbox=\"false\" data-allow-clear=\"false\" aria-labelledby=\"forminator-form-141850__field--select-1_6a0338b920389-label\"><option value=\"-\"  data-calculation=\"0\">-<\/option><option value=\"Conserves de fruits\"  data-calculation=\"0\">Conserves de fruits<\/option><option value=\"Codal tropical\"  data-calculation=\"0\">Codal tropical<\/option><option value=\"Poivre vert\"  data-calculation=\"0\">Poivre vert<\/option><option value=\"Le comptoir\"  data-calculation=\"0\">Le comptoir<\/option><option value=\"Originalit\u00e9\"  data-calculation=\"0\">Originalit\u00e9<\/option><option value=\"Autres\"  data-calculation=\"0\">Autres<\/option><\/select><\/div><\/div><\/div><div class=\"forminator-row\"><div id=\"textarea-1\" class=\"forminator-field-textarea forminator-col forminator-col-12 \"><div class=\"forminator-field\"><label for=\"forminator-field-textarea-1_6a0338b920389\" id=\"forminator-field-textarea-1_6a0338b920389-label\" class=\"forminator-label\">Messages<\/label><textarea name=\"textarea-1\" placeholder=\"\" id=\"forminator-field-textarea-1_6a0338b920389\" class=\"forminator-textarea\" rows=\"6\" style=\"--forminator-textarea-min-height:100px;\" ><\/textarea><\/div><\/div><\/div><div class=\"forminator-row\"><div id=\"gdprcheckbox-1\" class=\"forminator-field-gdprcheckbox forminator-col forminator-col-12 \"><div class=\"forminator-field\"><label for=\"forminator-field-gdprcheckbox-1_6a0338b920389\" class=\"forminator-checkbox\"><input type=\"checkbox\" name=\"gdprcheckbox-1\" value=\"true\" id=\"forminator-field-gdprcheckbox-1_6a0338b920389\" data-required=\"true\" aria-required=\"true\" \/><span class=\"forminator-checkbox-box\" aria-hidden=\"true\"><\/span><span class=\"forminator-checkbox-label\">Oui, j'accepte la politique de confidentialit\u00e9 et les conditions g\u00e9n\u00e9rales.<\/span><\/label><\/div><\/div><\/div><div class=\"forminator-row\"><div id=\"captcha-1\" class=\"forminator-field-captcha forminator-col forminator-col-12 \"><div class=\"forminator-captcha-left forminator-g-recaptcha\" data-theme=\"light\"  data-sitekey=\"6LdZrAcrAAAAAFhzofIayD91kp5xmLOcY8557BmL\" data-size=\"normal\"><\/div> <\/div><\/div><input type=\"hidden\" name=\"referer_url\" value=\"\" \/><div class=\"forminator-row forminator-row-last\"><div class=\"forminator-col\"><div class=\"forminator-field\"><button class=\"forminator-button forminator-button-submit\"><span>ENVOYER<\/span><span aria-hidden=\"true\"><\/span><\/button><\/div><\/div><\/div><input type=\"hidden\" id=\"forminator_nonce\" name=\"forminator_nonce\" value=\"b371733cb0\" \/><input type=\"hidden\" name=\"_wp_http_referer\" value=\"\/en\/wp-json\/wp\/v2\/pages\/143398\" \/><input type=\"hidden\" name=\"form_id\" value=\"141850\"><input type=\"hidden\" name=\"page_id\" value=\"143398\"><input type=\"hidden\" name=\"form_type\" value=\"default\"><input type=\"hidden\" name=\"current_url\" value=\"https:\/\/www.codal-madagascar.com\/en\/contact\/\"><input type=\"hidden\" name=\"render_id\" value=\"1\"><input type=\"hidden\" name=\"action\" value=\"forminator_submit_form_custom-forms\"><\/form><\/p>\n","protected":false},"author":6,"featured_media":0,"parent":0,"menu_order":0,"comment_status":"closed","ping_status":"closed","template":"","meta":{"_et_pb_use_builder":"on","_et_pb_old_content":"","_et_gb_content_width":"","footnotes":""},"class_list":["post-143398","page","type-page","status-publish","hentry"],"_links":{"self":[{"href":"https:\/\/www.codal-madagascar.com\/en\/wp-json\/wp\/v2\/pages\/143398","targetHints":{"allow":["GET"]}}],"collection":[{"href":"https:\/\/www.codal-madagascar.com\/en\/wp-json\/wp\/v2\/pages"}],"about":[{"href":"https:\/\/www.codal-madagascar.com\/en\/wp-json\/wp\/v2\/types\/page"}],"author":[{"embeddable":true,"href":"https:\/\/www.codal-madagascar.com\/en\/wp-json\/wp\/v2\/users\/6"}],"replies":[{"embeddable":true,"href":"https:\/\/www.codal-madagascar.com\/en\/wp-json\/wp\/v2\/comments?post=143398"}],"version-history":[{"count":0,"href":"https:\/\/www.codal-madagascar.com\/en\/wp-json\/wp\/v2\/pages\/143398\/revisions"}],"wp:attachment":[{"href":"https:\/\/www.codal-madagascar.com\/en\/wp-json\/wp\/v2\/media?parent=143398"}],"curies":[{"name":"wp","href":"https:\/\/api.w.org\/{rel}","templated":true}]}}