

{"id":143186,"date":"2020-07-24T13:12:53","date_gmt":"2020-07-24T11:12:53","guid":{"rendered":"https:\/\/www.codal-madagascar.com\/quality-standards-approvals"},"modified":"2025-01-10T08:30:05","modified_gmt":"2025-01-10T07:30:05","slug":"quality-standards-approvals","status":"publish","type":"page","link":"https:\/\/www.codal-madagascar.com\/en\/quality-standards-approvals\/","title":{"rendered":"Quality, Standards, Approvals"},"content":{"rendered":"[et_pb_section fb_built=&#8221;1&#8243; fullwidth=&#8221;on&#8221; _builder_version=&#8221;4.16&#8243; background_image=&#8221;https:\/\/www.codal-madagascar.com\/wp-content\/uploads\/2016\/05\/codal-madagascar-2.jpg&#8221; global_colors_info=&#8221;{}&#8221;][et_pb_fullwidth_header title=&#8221;Quality, Standards, Approvals&#8221; subhead=&#8221;Codal Madagascar&#8221; _builder_version=&#8221;4.16&#8243; title_text_align=&#8221;center&#8221; title_text_color=&#8221;#f5ce47&#8243; title_font_size=&#8221;85px&#8221; subhead_font=&#8221;adleryPro||||||||&#8221; subhead_text_align=&#8221;center&#8221; subhead_text_color=&#8221;#ffffff&#8221; subhead_font_size=&#8221;30px&#8221; background_enable_color=&#8221;off&#8221; use_background_color_gradient=&#8221;on&#8221; background_color_gradient_stops=&#8221;rgba(0,0,0,0.15) 0%|rgba(0,0,0,0.5) 100%&#8221; background_color_gradient_start=&#8221;rgba(0,0,0,0.15)&#8221; background_color_gradient_end=&#8221;rgba(0,0,0,0.5)&#8221; title_font_size_tablet=&#8221;65px&#8221; title_font_size_phone=&#8221;35px&#8221; title_font_size_last_edited=&#8221;on|phone&#8221; subhead_font_size_tablet=&#8221;28px&#8221; subhead_font_size_phone=&#8221;25px&#8221; subhead_font_size_last_edited=&#8221;on|phone&#8221; title_text_shadow_style=&#8221;preset1&#8243; title_text_shadow_horizontal_length=&#8221;-4px&#8221; title_text_shadow_vertical_length=&#8221;4px&#8221; title_text_shadow_blur_strength=&#8221;5px&#8221; title_text_shadow_color=&#8221;rgba(0,0,0,0.6)&#8221; global_colors_info=&#8221;{}&#8221;][\/et_pb_fullwidth_header][\/et_pb_section][et_pb_section fb_built=&#8221;1&#8243; custom_padding_last_edited=&#8221;off|desktop&#8221; module_class=&#8221;society-section&#8221; _builder_version=&#8221;4.25.1&#8243; background_image=&#8221;https:\/\/www.codal-madagascar.com\/wp-content\/uploads\/2020\/07\/fond-soci\u00e9t\u00e9.jpg&#8221; parallax=&#8221;on&#8221; parallax_method=&#8221;off&#8221; custom_padding=&#8221;||7%||false|false&#8221; custom_padding_phone=&#8221;0px||||false|false&#8221; top_divider_color=&#8221;#81c074&#8243; top_divider_height=&#8221;70px&#8221; top_divider_height_tablet=&#8221;50px&#8221; top_divider_height_phone=&#8221;&#8221; top_divider_height_last_edited=&#8221;on|tablet&#8221; bottom_divider_style=&#8221;arrow3&#8243; bottom_divider_color=&#8221;#06B750&#8243; bottom_divider_height=&#8221;50px&#8221; hover_enabled=&#8221;0&#8243; global_colors_info=&#8221;{}&#8221; sticky_enabled=&#8221;0&#8243;][et_pb_row column_structure=&#8221;1_2,1_2&#8243; use_custom_gutter=&#8221;on&#8221; gutter_width=&#8221;2&#8243; make_equal=&#8221;on&#8221; _builder_version=&#8221;4.16&#8243; width_last_edited=&#8221;off|desktop&#8221; max_width_last_edited=&#8221;off|desktop&#8221; custom_padding=&#8221;0px||||false|false&#8221; global_colors_info=&#8221;{}&#8221;][et_pb_column type=&#8221;1_2&#8243; _builder_version=&#8221;4.16&#8243; custom_padding=&#8221;|||5%|false|false&#8221; custom_padding_tablet=&#8221;|||0%|false|false&#8221; custom_padding_phone=&#8221;&#8221; custom_padding_last_edited=&#8221;on|desktop&#8221; animation_style=&#8221;slide&#8221; animation_direction=&#8221;left&#8221; custom_css_main_element=&#8221;display: -webkit-box;||        display: -ms-flexbox;||        display: flex;||    -webkit-box-orient: vertical;||    -webkit-box-direction: normal;||        -ms-flex-direction: column;||            flex-direction: column;||    -webkit-box-align: center;||        -ms-flex-align: center;||            align-items: center;||    -webkit-box-pack: center!important;||        -ms-flex-pack: center!important;||            justify-content: center!important;&#8221; global_colors_info=&#8221;{}&#8221; custom_css_main_element_last_edited=&#8221;on|tablet&#8221; custom_css_main_element_tablet=&#8221;display: block;&#8221; custom_css_main_element_phone=&#8221;margin-bottom: 0!important;&#8221;][et_pb_text disabled_on=&#8221;on|on|on&#8221; admin_label=&#8221;Qualit\u00e9s &#038; Normes&#8221; _builder_version=&#8221;4.25.1&#8243; text_font=&#8221;|800|||||||&#8221; text_text_color=&#8221;#332b26&#8243; text_font_size=&#8221;35px&#8221; text_line_height=&#8221;1.2em&#8221; header_text_align=&#8221;center&#8221; header_font_size=&#8221;80px&#8221; text_orientation=&#8221;center&#8221; custom_margin=&#8221;0px||||false|false&#8221; text_font_size_tablet=&#8221;30px&#8221; text_font_size_phone=&#8221;19px&#8221; text_font_size_last_edited=&#8221;on|phone&#8221; header_font_size_tablet=&#8221;65px&#8221; header_font_size_phone=&#8221;35px&#8221; header_font_size_last_edited=&#8221;on|phone&#8221; disabled=&#8221;on&#8221; global_colors_info=&#8221;{}&#8221;]\n<h1 style=\"padding-bottom: 0;\">Quality, Standards, Approvals<\/h1>\n[\/et_pb_text][et_pb_text admin_label=&#8221;Sous la supervision d\u2019un personnel qualifi\u00e9&#8221; _builder_version=&#8221;4.16&#8243; text_orientation=&#8221;center&#8221; custom_margin=&#8221;0px||||false|false&#8221; global_colors_info=&#8221;{}&#8221;]Under the supervision of qualified personnel, within an independent quality department, we apply updated production monitoring through permanent qualitative diagnosis by our control laboratory and control analyzes from outside laboratories. The production respects the HACCP procedure standards, the traceability follow-up is real and permanent.[\/et_pb_text][\/et_pb_column][et_pb_column type=&#8221;1_2&#8243; _builder_version=&#8221;4.16&#8243; animation_style=&#8221;slide&#8221; animation_direction=&#8221;right&#8221; global_colors_info=&#8221;{}&#8221;][et_pb_image src=&#8221;https:\/\/www.codal-madagascar.com\/wp-content\/uploads\/2020\/07\/qualit\u00e9.png&#8221; alt=&#8221;Qualities &amp; Standards&#8221; title_text=&#8221;Qualities &amp; Standards&#8221; _builder_version=&#8221;4.16&#8243; border_color_all=&#8221;#81c174&#8243; global_colors_info=&#8221;{}&#8221;][\/et_pb_image][\/et_pb_column][\/et_pb_row][\/et_pb_section][et_pb_section fb_built=&#8221;1&#8243; _builder_version=&#8221;4.25.1&#8243; background_enable_color=&#8221;off&#8221; use_background_color_gradient=&#8221;on&#8221; background_color_gradient_stops=&#8221;#06b750 0%|rgba(6,183,80,0.71) 100%&#8221; background_color_gradient_start=&#8221;#7ebc71&#8243; background_color_gradient_end=&#8221;#add6a8&#8243; custom_padding=&#8221;3%||3%||true|false&#8221; bottom_divider_style=&#8221;arrow3&#8243; bottom_divider_color=&#8221;#ffffff&#8221; bottom_divider_height=&#8221;50px&#8221; bottom_divider_arrangement=&#8221;above_content&#8221; hover_enabled=&#8221;0&#8243; global_colors_info=&#8221;{}&#8221; sticky_enabled=&#8221;0&#8243;][et_pb_row _builder_version=&#8221;4.16&#8243; animation_style=&#8221;flip&#8221; global_colors_info=&#8221;{}&#8221;][et_pb_column type=&#8221;4_4&#8243; _builder_version=&#8221;4.16&#8243; global_colors_info=&#8221;{}&#8221;][et_pb_text admin_label=&#8221;Objectifs qualitatifs&#8221; _builder_version=&#8221;4.16&#8243; text_font=&#8221;|800|||||||&#8221; text_text_color=&#8221;#332b26&#8243; text_font_size=&#8221;35px&#8221; text_line_height=&#8221;1.2em&#8221; header_text_align=&#8221;center&#8221; header_text_color=&#8221;#ffffff&#8221; header_font_size=&#8221;80px&#8221; text_orientation=&#8221;center&#8221; custom_margin=&#8221;0px||||false|false&#8221; text_font_size_tablet=&#8221;30px&#8221; text_font_size_phone=&#8221;19px&#8221; text_font_size_last_edited=&#8221;on|phone&#8221; header_font_size_tablet=&#8221;65px&#8221; header_font_size_phone=&#8221;35px&#8221; header_font_size_last_edited=&#8221;on|phone&#8221; global_colors_info=&#8221;{}&#8221;]\n<h1 style=\"padding-bottom: 0;\">Qualitative objectives<br \/>\n<\/h1>\n[\/et_pb_text][\/et_pb_column][\/et_pb_row][et_pb_row column_structure=&#8221;1_3,1_3,1_3&#8243; use_custom_gutter=&#8221;on&#8221; gutter_width=&#8221;2&#8243; custom_padding_last_edited=&#8221;on|tablet&#8221; _builder_version=&#8221;4.16&#8243; custom_padding=&#8221;20px||40px||false|false&#8221; custom_padding_tablet=&#8221;||0px||false|false&#8221; custom_padding_phone=&#8221;&#8221; animation_style=&#8221;flip&#8221; global_colors_info=&#8221;{}&#8221;][et_pb_column type=&#8221;1_3&#8243; _builder_version=&#8221;4.16&#8243; global_colors_info=&#8221;{}&#8221; custom_css_main_element_last_edited=&#8221;on|tablet&#8221; custom_css_main_element_tablet=&#8221;margin-right: 0!important;&#8221; custom_css_main_element_phone=&#8221;margin-right: 0!important;&#8221;][et_pb_blurb use_icon=&#8221;on&#8221; font_icon=&#8221;&#xe007;||divi||400&#8243; icon_color=&#8221;#ffffff&#8221; icon_placement=&#8221;left&#8221; image_icon_width=&#8221;45px&#8221; admin_label=&#8221;2 unit\u00e9s de production&#8221; _builder_version=&#8221;4.23.1&#8243; body_text_align=&#8221;left&#8221; body_text_color=&#8221;#ffffff&#8221; animation=&#8221;off&#8221; icon_font_size=&#8221;45px&#8221; global_colors_info=&#8221;{}&#8221;]\n<p>Centralized production in Tananarive, for rigorous monitoring of the quality of our products.<\/p>\n[\/et_pb_blurb][\/et_pb_column][et_pb_column type=&#8221;1_3&#8243; _builder_version=&#8221;4.16&#8243; global_colors_info=&#8221;{}&#8221;][et_pb_blurb use_icon=&#8221;on&#8221; font_icon=&#8221;&#xe007;||divi||400&#8243; icon_color=&#8221;#ffffff&#8221; icon_placement=&#8221;left&#8221; image_icon_width=&#8221;45px&#8221; admin_label=&#8221;Eviter tout compl\u00e9ment&#8221; _builder_version=&#8221;4.23.1&#8243; body_text_align=&#8221;left&#8221; body_text_color=&#8221;#ffffff&#8221; animation=&#8221;off&#8221; icon_font_size=&#8221;45px&#8221; global_colors_info=&#8221;{}&#8221;]Avoid any chemical additives or additives[\/et_pb_blurb][\/et_pb_column][et_pb_column type=&#8221;1_3&#8243; _builder_version=&#8221;4.16&#8243; global_colors_info=&#8221;{}&#8221; custom_css_main_element_last_edited=&#8221;on|tablet&#8221; custom_css_main_element_tablet=&#8221;margin-right: 0!important;&#8221; custom_css_main_element_phone=&#8221;margin-right: 0!important;&#8221;][et_pb_blurb use_icon=&#8221;on&#8221; font_icon=&#8221;&#xe007;||divi||400&#8243; icon_color=&#8221;#ffffff&#8221; icon_placement=&#8221;left&#8221; image_icon_width=&#8221;45px&#8221; admin_label=&#8221;P\u00e9renniser le milieu &#8221; _builder_version=&#8221;4.23.1&#8243; body_text_align=&#8221;left&#8221; body_text_color=&#8221;#ffffff&#8221; animation=&#8221;off&#8221; icon_font_size=&#8221;45px&#8221; global_colors_info=&#8221;{}&#8221;]Perpetuate the natural environment and traditional cultivation conditions[\/et_pb_blurb][\/et_pb_column][\/et_pb_row][et_pb_row column_structure=&#8221;1_3,1_3,1_3&#8243; use_custom_gutter=&#8221;on&#8221; gutter_width=&#8221;2&#8243; _builder_version=&#8221;4.16&#8243; custom_padding=&#8221;20px||40px||false|false&#8221; animation_style=&#8221;flip&#8221; global_colors_info=&#8221;{}&#8221;][et_pb_column type=&#8221;1_3&#8243; _builder_version=&#8221;4.16&#8243; global_colors_info=&#8221;{}&#8221; custom_css_main_element_last_edited=&#8221;on|tablet&#8221; custom_css_main_element_tablet=&#8221;margin-right: 0!important;&#8221; custom_css_main_element_phone=&#8221;margin-right: 0!important;&#8221;][et_pb_blurb use_icon=&#8221;on&#8221; font_icon=&#8221;&#xe007;||divi||400&#8243; icon_color=&#8221;#ffffff&#8221; icon_placement=&#8221;left&#8221; image_icon_width=&#8221;45px&#8221; admin_label=&#8221;Privil\u00e9gier l\u2019originalit\u00e9&#8221; _builder_version=&#8221;4.23.1&#8243; body_text_align=&#8221;left&#8221; body_text_color=&#8221;#ffffff&#8221; animation=&#8221;off&#8221; icon_font_size=&#8221;45px&#8221; global_colors_info=&#8221;{}&#8221;]Favor the original taste of products from the Big Island[\/et_pb_blurb][\/et_pb_column][et_pb_column type=&#8221;1_3&#8243; _builder_version=&#8221;4.16&#8243; global_colors_info=&#8221;{}&#8221;][et_pb_blurb use_icon=&#8221;on&#8221; font_icon=&#8221;&#xe007;||divi||400&#8243; icon_color=&#8221;#ffffff&#8221; icon_placement=&#8221;left&#8221; image_icon_width=&#8221;45px&#8221; admin_label=&#8221;Poursuivre et am\u00e9liorer&#8221; _builder_version=&#8221;4.16&#8243; body_text_align=&#8221;left&#8221; body_text_color=&#8221;#ffffff&#8221; animation=&#8221;off&#8221; icon_font_size=&#8221;45px&#8221; global_colors_info=&#8221;{}&#8221;]Pursue and improve the recipes developed and developed over the years[\/et_pb_blurb][\/et_pb_column][et_pb_column type=&#8221;1_3&#8243; _builder_version=&#8221;4.16&#8243; global_colors_info=&#8221;{}&#8221; custom_css_main_element_last_edited=&#8221;on|tablet&#8221; custom_css_main_element_tablet=&#8221;margin-right: 0!important;&#8221; custom_css_main_element_phone=&#8221;margin-right: 0!important;&#8221;][et_pb_blurb use_icon=&#8221;on&#8221; font_icon=&#8221;&#xe007;||divi||400&#8243; icon_color=&#8221;#ffffff&#8221; icon_placement=&#8221;left&#8221; image_icon_width=&#8221;45px&#8221; admin_label=&#8221;Respecter les standards industriels &#8221; _builder_version=&#8221;4.16&#8243; body_text_align=&#8221;left&#8221; body_text_color=&#8221;#ffffff&#8221; animation=&#8221;off&#8221; icon_font_size=&#8221;45px&#8221; global_colors_info=&#8221;{}&#8221;]Comply with international industry standards and commercial packaging and packaging standards.[\/et_pb_blurb][\/et_pb_column][\/et_pb_row][\/et_pb_section][et_pb_section fb_built=&#8221;1&#8243; custom_padding_last_edited=&#8221;on|tablet&#8221; _builder_version=&#8221;4.16&#8243; custom_padding_tablet=&#8221;0px||0px||true|false&#8221; custom_padding_phone=&#8221;&#8221; global_colors_info=&#8221;{}&#8221;][et_pb_row _builder_version=&#8221;4.16&#8243; global_colors_info=&#8221;{}&#8221;][et_pb_column type=&#8221;4_4&#8243; _builder_version=&#8221;4.16&#8243; global_colors_info=&#8221;{}&#8221;][et_pb_text admin_label=&#8221;Normes &#038; Certifications&#8221; _builder_version=&#8221;4.23.1&#8243; text_font=&#8221;|800|||||||&#8221; text_text_color=&#8221;#332b26&#8243; text_font_size=&#8221;20px&#8221; text_line_height=&#8221;1.2em&#8221; header_text_align=&#8221;center&#8221; header_font_size=&#8221;80px&#8221; text_orientation=&#8221;center&#8221; custom_margin=&#8221;0px||||false|false&#8221; text_font_size_tablet=&#8221;20px&#8221; text_font_size_phone=&#8221;18px&#8221; text_font_size_last_edited=&#8221;on|phone&#8221; header_font_size_tablet=&#8221;65px&#8221; header_font_size_phone=&#8221;35px&#8221; header_font_size_last_edited=&#8221;on|phone&#8221; global_colors_info=&#8221;{}&#8221;]\n<h1 style=\"padding-bottom: 0;\">Standards &amp; Certifications<\/h1>\n<p>75 years of presence in Madagascar and more than 48 years of exports to a dozen countries attest to our efforts to best prepare the best products from the Big Malagasy Island.<\/p>\n[\/et_pb_text][et_pb_text admin_label=&#8221;CODAL est membre des principales&#8221; _builder_version=&#8221;4.16&#8243; text_orientation=&#8221;center&#8221; global_colors_info=&#8221;{}&#8221;]CODAL is a member of the main Malagasy and international professional associations and groups.[\/et_pb_text][\/et_pb_column][\/et_pb_row][et_pb_row _builder_version=&#8221;4.16&#8243; custom_padding=&#8221;||0px||false|false&#8221; animation_style=&#8221;slide&#8221; animation_direction=&#8221;top&#8221; global_colors_info=&#8221;{}&#8221;][et_pb_column type=&#8221;4_4&#8243; _builder_version=&#8221;4.16&#8243; global_colors_info=&#8221;{}&#8221;][et_pb_blurb title=&#8221;Standards&#8221; use_icon=&#8221;on&#8221; font_icon=&#8221;&#xe012;||divi||400&#8243; icon_placement=&#8221;left&#8221; image_icon_width=&#8221;22px&#8221; content_max_width=&#8221;100%&#8221; admin_label=&#8221;Normes&#8221; module_class=&#8221;resume-qualite&#8221; _builder_version=&#8221;4.16&#8243; header_font=&#8221;Raleway|800|||||||&#8221; header_text_align=&#8221;left&#8221; header_font_size=&#8221;22px&#8221; custom_margin=&#8221;||15px||false|false&#8221; custom_padding=&#8221;||5px||false|false&#8221; animation=&#8221;off&#8221; header_font_size_tablet=&#8221;&#8221; header_font_size_phone=&#8221;18px&#8221; header_font_size_last_edited=&#8221;on|phone&#8221; custom_css_blurb_title=&#8221;padding-left: 0!important;&#8221; custom_css_blurb_content=&#8221;padding-left: 0!important;&#8221; border_width_bottom=&#8221;1px&#8221; border_color_bottom=&#8221;#81c074&#8243; icon_font_size=&#8221;22px&#8221; global_colors_info=&#8221;{}&#8221;][\/et_pb_blurb][et_pb_text disabled_on=&#8221;off|off|on&#8221; admin_label=&#8221;Les m\u00e9thodes de fabrication &#8211; Mobile&#8221; _builder_version=&#8221;4.16&#8243; global_colors_info=&#8221;{}&#8221;]The manufacturing methods respect the HACCP quality approach acquired since 2008 and in the process of certification. Our premises and installations are regularly treated against all nuisances and external contaminations.<br \/>\nThe traceability of materials and inputs is ensured at all times<br \/>\nA clean and autonomous mechanical workshop ensures the proper maintenance of our industrial equipment and the general maintenance of the installations.<br \/>\nThe Company is affiliated with an official health body which carries out regular medical checks on the health of its staff.<br \/>\nNo employment of minors.<br \/>\nOur packaging is in accordance with the usual standards, the labels in accordance with most international regulations. The nutritional factors mentioned have been established by a recognized laboratory. Our products meet the usual health standards and are approved for export to European Union countries and many other destinations.[\/et_pb_text][\/et_pb_column][\/et_pb_row][et_pb_row column_structure=&#8221;1_2,1_2&#8243; disabled_on=&#8221;on|on|off&#8221; admin_label=&#8221;Ligne &#8211; Desktop&#8221; _builder_version=&#8221;4.16&#8243; custom_padding=&#8221;0px||0px||true|false&#8221; animation_style=&#8221;fold&#8221; global_colors_info=&#8221;{}&#8221;][et_pb_column type=&#8221;1_2&#8243; _builder_version=&#8221;4.16&#8243; global_colors_info=&#8221;{}&#8221;][et_pb_text admin_label=&#8221;Les m\u00e9thodes de fabrication respectent&#8221; _builder_version=&#8221;4.16&#8243; text_orientation=&#8221;justified&#8221; global_colors_info=&#8221;{}&#8221;]The manufacturing methods respect the HACCP quality approach acquired since 2008 and in the process of certification. Our premises and installations are regularly treated against all nuisances and external contaminations.<br \/>\nThe traceability of materials and inputs is ensured at all times<br \/>\nA clean and autonomous mechanical workshop ensures the proper maintenance of our industrial equipment and the general maintenance of the installations.[\/et_pb_text][\/et_pb_column][et_pb_column type=&#8221;1_2&#8243; _builder_version=&#8221;4.16&#8243; global_colors_info=&#8221;{}&#8221;][et_pb_text admin_label=&#8221;La Soci\u00e9t\u00e9 est affili\u00e9e \u00e0 un organisme&#8221; _builder_version=&#8221;4.16&#8243; text_orientation=&#8221;justified&#8221; global_colors_info=&#8221;{}&#8221;]The Company is affiliated with an official health body which carries out regular medical checks on the health of its staff.<br \/>\nNo employment of minors.<br \/>\nOur packaging is in accordance with the usual standards, the labels in accordance with most international regulations. The nutritional factors mentioned have been established by a recognized laboratory. Our products meet the usual health standards and are approved for export to European Union countries and many other destinations.[\/et_pb_text][\/et_pb_column][\/et_pb_row][et_pb_row _builder_version=&#8221;4.16&#8243; custom_padding=&#8221;||0px||false|false&#8221; animation_style=&#8221;fold&#8221; global_colors_info=&#8221;{}&#8221;][et_pb_column type=&#8221;4_4&#8243; _builder_version=&#8221;4.16&#8243; global_colors_info=&#8221;{}&#8221;][et_pb_blurb title=&#8221;Certifications&#8221; use_icon=&#8221;on&#8221; font_icon=&#8221;&#xe012;||divi||400&#8243; icon_color=&#8221;#06b750&#8243; icon_placement=&#8221;left&#8221; image_icon_width=&#8221;22px&#8221; content_max_width=&#8221;100%&#8221; admin_label=&#8221;Certifications&#8221; module_class=&#8221;resume-qualite&#8221; _builder_version=&#8221;4.25.1&#8243; header_font=&#8221;Raleway|800|||||||&#8221; header_text_align=&#8221;left&#8221; header_font_size=&#8221;22px&#8221; body_font=&#8221;|700|||||||&#8221; body_text_color=&#8221;#000000&#8243; custom_margin=&#8221;||15px||false|false&#8221; custom_padding=&#8221;||5px||false|false&#8221; animation=&#8221;off&#8221; header_font_size_tablet=&#8221;&#8221; header_font_size_phone=&#8221;18px&#8221; header_font_size_last_edited=&#8221;on|phone&#8221; custom_css_blurb_title=&#8221;padding-left: 0!important;&#8221; custom_css_blurb_content=&#8221;padding-left: 0!important;&#8221; border_width_bottom=&#8221;1px&#8221; border_color_bottom=&#8221;#06B750&#8243; icon_font_size=&#8221;22px&#8221; global_colors_info=&#8221;{}&#8221;]Approvals or certifications acquired over the years:[\/et_pb_blurb][et_pb_text disabled_on=&#8221;off|off|on&#8221; admin_label=&#8221;HACCP  &#8211; Mobile&#8221; _builder_version=&#8221;4.25.1&#8243; header_4_font=&#8221;Raleway|700|||||||&#8221; header_4_text_color=&#8221;#06B750&#8243; text_orientation=&#8221;justified&#8221; global_colors_info=&#8221;{}&#8221;]\n<h4>HACCP<\/h4>\n<p>Procedures established in 2008 by an external audit, in the process of certification<\/p>\n<h4>ECOCERT certification<\/h4>\n<p>The preparations based on Pineapple, Passion-Fruit, Papaya, Mango, Lychee, Guava Pok-pok (or physalis), Guava, are made from raw materials from partner plantations of the Company, which we have taken care of. certification in organic farming.<br \/>\nThe production unit is certified for production and packaging according to organic standards.<\/p>\n<h4>Fair trade :<\/h4>\n<p>CODAL is an eco-responsible company according to the criteria of fair trade and solidarity, respecting the environment and the environment.<br \/>\nSince 2016, CODAL has been certified Equitable &#038; Solidaire by ANESM &#8211; National Association of Fair Trade and Solidarity in Madagascar with which it contributes to various social actions.<br \/>\nSince 2009, thanks to the collaboration with 45 traditional farmers certified by us, a certain number of our productions are ORGANIC certified by ECOCERT<br \/>\nFinally, we are in the process of certification for 2020 according to the FFL- Free For Life (Fair Trade) standard.<\/p>\n<h4>Food &#038; Drugs USA:<\/h4>\n<p>Certain products such as green pepper, chanterelles, etc. have been FDA approved since 1987.<\/p>\n[\/et_pb_text][\/et_pb_column][\/et_pb_row][et_pb_row column_structure=&#8221;1_2,1_2&#8243; disabled_on=&#8221;on|on|off&#8221; admin_label=&#8221;Ligne &#8211; Desktop&#8221; _builder_version=&#8221;4.16&#8243; custom_padding=&#8221;0px||0px||true|false&#8221; animation_style=&#8221;fold&#8221; global_colors_info=&#8221;{}&#8221;][et_pb_column type=&#8221;1_2&#8243; _builder_version=&#8221;4.16&#8243; global_colors_info=&#8221;{}&#8221;][et_pb_text admin_label=&#8221;HACCP&#8221; _builder_version=&#8221;4.25.1&#8243; header_4_font=&#8221;Raleway|700|||||||&#8221; header_4_text_color=&#8221;#06B750&#8243; text_orientation=&#8221;justified&#8221; global_colors_info=&#8221;{}&#8221;]\n<h4>HACCP<\/h4>\n<p>Procedures established in 2008 by an external audit, in the process of certification<\/p>\n<h4>ECOCERT certification<\/h4>\n<p>The preparations based on Pineapple, Passion-Fruit, Papaya, Mango, Lychee, Guava Pok-pok (or physalis), Guava, are made from raw materials from partner plantations of the Company, which we have taken care of. certification in organic farming.<br \/>\nThe production unit is certified for production and packaging according to organic standards.<\/p>\n[\/et_pb_text][\/et_pb_column][et_pb_column type=&#8221;1_2&#8243; _builder_version=&#8221;4.16&#8243; global_colors_info=&#8221;{}&#8221;][et_pb_text admin_label=&#8221;Commerce \u00e9quitable&#8221; _builder_version=&#8221;4.25.1&#8243; header_4_font=&#8221;Raleway|700|||||||&#8221; header_4_text_color=&#8221;#06B750&#8243; text_orientation=&#8221;justified&#8221; global_colors_info=&#8221;{}&#8221;]\n<h4>Fair trade :<\/h4>\n<p>CODAL is an eco-responsible company according to the criteria of fair trade and solidarity, respecting the environment and the environment.<br \/>\nSince 2016, CODAL has been certified Equitable &#038; Solidaire by ANESM &#8211; National Association of Fair Trade and Solidarity in Madagascar with which it contributes to various social actions.<br \/>\nSince 2009, thanks to the collaboration with 45 traditional farmers certified by us, a certain number of our productions are ORGANIC certified by ECOCERT<br \/>\nFinally, we are in the process of certification for 2020 according to the FFL- Free For Life (Fair Trade) standard.<\/p>\n<h4>Food &#038; Drugs USA:<\/h4>\n<p>Certain products such as green pepper, chanterelles, etc. have been FDA approved since 1987\n<\/p>\n[\/et_pb_text][\/et_pb_column][\/et_pb_row][\/et_pb_section]\n","protected":false},"excerpt":{"rendered":"<p>Quality, Standards, ApprovalsUnder the supervision of qualified personnel, within an independent quality department, we apply updated production monitoring through permanent qualitative diagnosis by our control laboratory and control analyzes from outside laboratories. The production respects the HACCP procedure standards, the traceability follow-up is real and permanent.Qualitative objectives Centralized production in Tananarive, for rigorous monitoring of [&hellip;]<\/p>\n","protected":false},"author":6,"featured_media":0,"parent":0,"menu_order":0,"comment_status":"closed","ping_status":"closed","template":"","meta":{"_et_pb_use_builder":"on","_et_pb_old_content":"","_et_gb_content_width":"","footnotes":""},"class_list":["post-143186","page","type-page","status-publish","hentry"],"_links":{"self":[{"href":"https:\/\/www.codal-madagascar.com\/en\/wp-json\/wp\/v2\/pages\/143186","targetHints":{"allow":["GET"]}}],"collection":[{"href":"https:\/\/www.codal-madagascar.com\/en\/wp-json\/wp\/v2\/pages"}],"about":[{"href":"https:\/\/www.codal-madagascar.com\/en\/wp-json\/wp\/v2\/types\/page"}],"author":[{"embeddable":true,"href":"https:\/\/www.codal-madagascar.com\/en\/wp-json\/wp\/v2\/users\/6"}],"replies":[{"embeddable":true,"href":"https:\/\/www.codal-madagascar.com\/en\/wp-json\/wp\/v2\/comments?post=143186"}],"version-history":[{"count":0,"href":"https:\/\/www.codal-madagascar.com\/en\/wp-json\/wp\/v2\/pages\/143186\/revisions"}],"wp:attachment":[{"href":"https:\/\/www.codal-madagascar.com\/en\/wp-json\/wp\/v2\/media?parent=143186"}],"curies":[{"name":"wp","href":"https:\/\/api.w.org\/{rel}","templated":true}]}}